{"id":5929,"date":"2024-10-25T12:04:15","date_gmt":"2024-10-25T10:04:15","guid":{"rendered":"https:\/\/www.galerie87.com\/?post_type=product&#038;p=5929"},"modified":"2026-03-26T07:48:25","modified_gmt":"2026-03-26T06:48:25","slug":"suite-de-2-fauteuils-repos-vintage-en-chene-guillerme-et-chambron","status":"publish","type":"product","link":"https:\/\/www.galerie87.com\/en\/product\/suite-de-2-fauteuils-repos-vintage-en-chene-guillerme-et-chambron\/","title":{"rendered":"Suite De 2 Fauteuils Repos Vintage En Ch\u00eane Guillerme Et Chambron"},"content":{"rendered":"<p>Suite de 2 fauteuils repos vintage Guillerme et Chambron. Le grand mod\u00e8le appel\u00e9 \u00ab\u00a0grand repos\u00a0\u00bb est reouvert d&rsquo;un tissu de couleur fraise en parfait \u00e9tat tandis que le petit mod\u00e8le appel\u00e9 \u00ab\u00a0caqueteuse\u00a0\u00bb est recouvert d&rsquo;un tissu jaune \u00e9clatant. Ces si\u00e8ges sont dans un \u00e9tat irr\u00e9prochable.<\/p>","protected":false},"excerpt":{"rendered":"<p>Suite de 2 fauteuils repos vintage Guillerme et Chambron. Le grand mod\u00e8le appel\u00e9 \u00ab\u00a0grand repos\u00a0\u00bb est reouvert d&rsquo;un tissu de couleur fraise en parfait \u00e9tat tandis que le petit mod\u00e8le appel\u00e9 \u00ab\u00a0caqueteuse\u00a0\u00bb est recouvert d&rsquo;un tissu jaune \u00e9clatant. Ces si\u00e8ges sont dans un \u00e9tat irr\u00e9prochable.<\/p>","protected":false},"featured_media":5933,"template":"","meta":{"site-sidebar-layout":"default","site-content-layout":"","ast-site-content-layout":"default","site-content-style":"default","site-sidebar-style":"default","ast-global-header-display":"","ast-banner-title-visibility":"","ast-main-header-display":"","ast-hfb-above-header-display":"","ast-hfb-below-header-display":"","ast-hfb-mobile-header-display":"","site-post-title":"","ast-breadcrumbs-content":"","ast-featured-img":"","footer-sml-layout":"","ast-disable-related-posts":"","theme-transparent-header-meta":"default","adv-header-id-meta":"","stick-header-meta":"","header-above-stick-meta":"","header-main-stick-meta":"","header-below-stick-meta":"","astra-migrate-meta-layouts":"set","ast-page-background-enabled":"default","ast-page-background-meta":{"desktop":{"background-color":"","background-image":"","background-repeat":"repeat","background-position":"center center","background-size":"auto","background-attachment":"scroll","background-type":"","background-media":"","overlay-type":"","overlay-color":"","overlay-opacity":"","overlay-gradient":""},"tablet":{"background-color":"","background-image":"","background-repeat":"repeat","background-position":"center center","background-size":"auto","background-attachment":"scroll","background-type":"","background-media":"","overlay-type":"","overlay-color":"","overlay-opacity":"","overlay-gradient":""},"mobile":{"background-color":"","background-image":"","background-repeat":"repeat","background-position":"center center","background-size":"auto","background-attachment":"scroll","background-type":"","background-media":"","overlay-type":"","overlay-color":"","overlay-opacity":"","overlay-gradient":""}},"ast-content-background-meta":{"desktop":{"background-color":"var(--ast-global-color-5)","background-image":"","background-repeat":"repeat","background-position":"center center","background-size":"auto","background-attachment":"scroll","background-type":"","background-media":"","overlay-type":"","overlay-color":"","overlay-opacity":"","overlay-gradient":""},"tablet":{"background-color":"var(--ast-global-color-5)","background-image":"","background-repeat":"repeat","background-position":"center center","background-size":"auto","background-attachment":"scroll","background-type":"","background-media":"","overlay-type":"","overlay-color":"","overlay-opacity":"","overlay-gradient":""},"mobile":{"background-color":"var(--ast-global-color-5)","background-image":"","background-repeat":"repeat","background-position":"center center","background-size":"auto","background-attachment":"scroll","background-type":"","background-media":"","overlay-type":"","overlay-color":"","overlay-opacity":"","overlay-gradient":""}}},"product_brand":[],"product_cat":[22,28,21],"product_tag":[68,55,38,42,59,36,43,39],"class_list":{"0":"post-5929","1":"product","2":"type-product","3":"status-publish","4":"has-post-thumbnail","6":"product_cat-guillerme-et-chambron","7":"product_cat-fauteuils-canapes-antiquites-du-xxeme","8":"product_cat-mobilier-du-xxeme","9":"product_tag-fauteuils","10":"product_tag-french-furniture","11":"product_tag-galerie87","12":"product_tag-guillerme-et-chambron","13":"product_tag-oakfurniture","14":"product_tag-vintage","15":"product_tag-votre-maison","16":"product_tag-xxeme","17":"desktop-align-left","18":"tablet-align-left","19":"mobile-align-left","21":"first","22":"instock","23":"shipping-taxable","24":"purchasable","25":"product-type-simple"},"yoast_head":"<!-- This site is optimized with the Yoast SEO plugin v27.4 - https:\/\/yoast.com\/product\/yoast-seo-wordpress\/ -->\n<title>Suite De 2 Fauteuils Repos Vintage En Ch\u00eane Guillerme Et Chambron | Galerie87<\/title>\n<meta name=\"description\" content=\"Suite de 2 fauteuils repos vintage Guillerme et Chambron. Le grand mod\u00e8le appel\u00e9 &quot;grand repos&quot; est reouvert d&#039;un tissu de couleur fraise en parfait \u00e9tat tandis que le petit mod\u00e8le appel\u00e9 &quot;caqueteuse&quot; est recouvert d&#039;un tissu jaune \u00e9clatant. Ces si\u00e8ges sont dans un \u00e9tat irr\u00e9prochable.\" \/>\n<meta name=\"robots\" content=\"index, follow, max-snippet:-1, max-image-preview:large, max-video-preview:-1\" \/>\n<link rel=\"canonical\" href=\"https:\/\/www.galerie87.com\/en\/product\/suite-de-2-fauteuils-repos-vintage-en-chene-guillerme-et-chambron\/\" \/>\n<meta property=\"og:locale\" content=\"en_US\" \/>\n<meta property=\"og:type\" content=\"article\" \/>\n<meta property=\"og:title\" content=\"Suite De 2 Fauteuils Repos Vintage En Ch\u00eane Guillerme Et Chambron | Galerie87\" \/>\n<meta property=\"og:description\" content=\"Suite de 2 fauteuils repos vintage Guillerme et Chambron. Le grand mod\u00e8le appel\u00e9 &quot;grand repos&quot; est reouvert d&#039;un tissu de couleur fraise en parfait \u00e9tat tandis que le petit mod\u00e8le appel\u00e9 &quot;caqueteuse&quot; est recouvert d&#039;un tissu jaune \u00e9clatant. Ces si\u00e8ges sont dans un \u00e9tat irr\u00e9prochable.\" \/>\n<meta property=\"og:url\" content=\"https:\/\/www.galerie87.com\/en\/product\/suite-de-2-fauteuils-repos-vintage-en-chene-guillerme-et-chambron\/\" \/>\n<meta property=\"og:site_name\" content=\"Galerie87\" \/>\n<meta property=\"article:modified_time\" content=\"2026-03-26T06:48:25+00:00\" \/>\n<meta property=\"og:image\" content=\"https:\/\/www.galerie87.com\/wp-content\/uploads\/2024\/10\/Suite-de-2-fauteuils-repos-vintage-Guillerme-et-Chambron.png\" \/>\n\t<meta property=\"og:image:width\" content=\"847\" \/>\n\t<meta property=\"og:image:height\" content=\"847\" \/>\n\t<meta property=\"og:image:type\" content=\"image\/png\" \/>\n<meta name=\"twitter:card\" content=\"summary_large_image\" \/>\n<meta name=\"twitter:label1\" content=\"Est. reading time\" \/>\n\t<meta name=\"twitter:data1\" content=\"1 minute\" \/>\n<script type=\"application\/ld+json\" class=\"yoast-schema-graph\">{\"@context\":\"https:\\\/\\\/schema.org\",\"@graph\":[{\"@type\":\"WebPage\",\"@id\":\"https:\\\/\\\/www.galerie87.com\\\/produit\\\/suite-de-2-fauteuils-repos-vintage-en-chene-guillerme-et-chambron\\\/\",\"url\":\"https:\\\/\\\/www.galerie87.com\\\/produit\\\/suite-de-2-fauteuils-repos-vintage-en-chene-guillerme-et-chambron\\\/\",\"name\":\"Suite De 2 Fauteuils Repos Vintage En Ch\u00eane Guillerme Et Chambron | Galerie87\",\"isPartOf\":{\"@id\":\"https:\\\/\\\/www.galerie87.com\\\/#website\"},\"primaryImageOfPage\":{\"@id\":\"https:\\\/\\\/www.galerie87.com\\\/produit\\\/suite-de-2-fauteuils-repos-vintage-en-chene-guillerme-et-chambron\\\/#primaryimage\"},\"image\":{\"@id\":\"https:\\\/\\\/www.galerie87.com\\\/produit\\\/suite-de-2-fauteuils-repos-vintage-en-chene-guillerme-et-chambron\\\/#primaryimage\"},\"thumbnailUrl\":\"https:\\\/\\\/www.galerie87.com\\\/wp-content\\\/uploads\\\/2024\\\/10\\\/Suite-de-2-fauteuils-repos-vintage-Guillerme-et-Chambron.png\",\"datePublished\":\"2024-10-25T10:04:15+00:00\",\"dateModified\":\"2026-03-26T06:48:25+00:00\",\"description\":\"Suite de 2 fauteuils repos vintage Guillerme et Chambron. Le grand mod\u00e8le appel\u00e9 \\\"grand repos\\\" est reouvert d'un tissu de couleur fraise en parfait \u00e9tat tandis que le petit mod\u00e8le appel\u00e9 \\\"caqueteuse\\\" est recouvert d'un tissu jaune \u00e9clatant. Ces si\u00e8ges sont dans un \u00e9tat irr\u00e9prochable.\",\"breadcrumb\":{\"@id\":\"https:\\\/\\\/www.galerie87.com\\\/produit\\\/suite-de-2-fauteuils-repos-vintage-en-chene-guillerme-et-chambron\\\/#breadcrumb\"},\"inLanguage\":\"en-US\",\"potentialAction\":[{\"@type\":\"ReadAction\",\"target\":[\"https:\\\/\\\/www.galerie87.com\\\/produit\\\/suite-de-2-fauteuils-repos-vintage-en-chene-guillerme-et-chambron\\\/\"]}]},{\"@type\":\"ImageObject\",\"inLanguage\":\"en-US\",\"@id\":\"https:\\\/\\\/www.galerie87.com\\\/produit\\\/suite-de-2-fauteuils-repos-vintage-en-chene-guillerme-et-chambron\\\/#primaryimage\",\"url\":\"https:\\\/\\\/www.galerie87.com\\\/wp-content\\\/uploads\\\/2024\\\/10\\\/Suite-de-2-fauteuils-repos-vintage-Guillerme-et-Chambron.png\",\"contentUrl\":\"https:\\\/\\\/www.galerie87.com\\\/wp-content\\\/uploads\\\/2024\\\/10\\\/Suite-de-2-fauteuils-repos-vintage-Guillerme-et-Chambron.png\",\"width\":847,\"height\":847,\"caption\":\"Suite De 2 Fauteuils Repos Vintage En Ch\u00eane Guillerme Et Chambron\"},{\"@type\":\"BreadcrumbList\",\"@id\":\"https:\\\/\\\/www.galerie87.com\\\/produit\\\/suite-de-2-fauteuils-repos-vintage-en-chene-guillerme-et-chambron\\\/#breadcrumb\",\"itemListElement\":[{\"@type\":\"ListItem\",\"position\":1,\"name\":\"Accueil\",\"item\":\"https:\\\/\\\/www.galerie87.com\\\/\"},{\"@type\":\"ListItem\",\"position\":2,\"name\":\"Boutique\",\"item\":\"https:\\\/\\\/www.galerie87.com\\\/boutique\\\/\"},{\"@type\":\"ListItem\",\"position\":3,\"name\":\"Suite De 2 Fauteuils Repos Vintage En Ch\u00eane Guillerme Et Chambron\"}]},{\"@type\":\"WebSite\",\"@id\":\"https:\\\/\\\/www.galerie87.com\\\/#website\",\"url\":\"https:\\\/\\\/www.galerie87.com\\\/\",\"name\":\"Galerie87\",\"description\":\"Antiquit\u00e9s - Arts d\u00e9coratifs du XX\u00e8me\",\"publisher\":{\"@id\":\"https:\\\/\\\/www.galerie87.com\\\/#organization\"},\"potentialAction\":[{\"@type\":\"SearchAction\",\"target\":{\"@type\":\"EntryPoint\",\"urlTemplate\":\"https:\\\/\\\/www.galerie87.com\\\/?s={search_term_string}\"},\"query-input\":{\"@type\":\"PropertyValueSpecification\",\"valueRequired\":true,\"valueName\":\"search_term_string\"}}],\"inLanguage\":\"en-US\"},{\"@type\":\"Organization\",\"@id\":\"https:\\\/\\\/www.galerie87.com\\\/#organization\",\"name\":\"Galerie87\",\"url\":\"https:\\\/\\\/www.galerie87.com\\\/\",\"logo\":{\"@type\":\"ImageObject\",\"inLanguage\":\"en-US\",\"@id\":\"https:\\\/\\\/www.galerie87.com\\\/#\\\/schema\\\/logo\\\/image\\\/\",\"url\":\"https:\\\/\\\/galerie.wizengo.com\\\/wp-content\\\/uploads\\\/2022\\\/03\\\/logo-galerie87-transparent.png\",\"contentUrl\":\"https:\\\/\\\/galerie.wizengo.com\\\/wp-content\\\/uploads\\\/2022\\\/03\\\/logo-galerie87-transparent.png\",\"width\":347,\"height\":72,\"caption\":\"Galerie87\"},\"image\":{\"@id\":\"https:\\\/\\\/www.galerie87.com\\\/#\\\/schema\\\/logo\\\/image\\\/\"}}]}<\/script>\n<!-- \/ Yoast SEO plugin. -->","yoast_head_json":{"title":"Suite De 2 Fauteuils Repos Vintage En Ch\u00eane Guillerme Et Chambron | Galerie87","description":"Suite de 2 fauteuils repos vintage Guillerme et Chambron. Le grand mod\u00e8le appel\u00e9 \"grand repos\" est reouvert d'un tissu de couleur fraise en parfait \u00e9tat tandis que le petit mod\u00e8le appel\u00e9 \"caqueteuse\" est recouvert d'un tissu jaune \u00e9clatant. Ces si\u00e8ges sont dans un \u00e9tat irr\u00e9prochable.","robots":{"index":"index","follow":"follow","max-snippet":"max-snippet:-1","max-image-preview":"max-image-preview:large","max-video-preview":"max-video-preview:-1"},"canonical":"https:\/\/www.galerie87.com\/en\/product\/suite-de-2-fauteuils-repos-vintage-en-chene-guillerme-et-chambron\/","og_locale":"en_US","og_type":"article","og_title":"Suite De 2 Fauteuils Repos Vintage En Ch\u00eane Guillerme Et Chambron | Galerie87","og_description":"Suite de 2 fauteuils repos vintage Guillerme et Chambron. Le grand mod\u00e8le appel\u00e9 \"grand repos\" est reouvert d'un tissu de couleur fraise en parfait \u00e9tat tandis que le petit mod\u00e8le appel\u00e9 \"caqueteuse\" est recouvert d'un tissu jaune \u00e9clatant. Ces si\u00e8ges sont dans un \u00e9tat irr\u00e9prochable.","og_url":"https:\/\/www.galerie87.com\/en\/product\/suite-de-2-fauteuils-repos-vintage-en-chene-guillerme-et-chambron\/","og_site_name":"Galerie87","article_modified_time":"2026-03-26T06:48:25+00:00","og_image":[{"width":847,"height":847,"url":"https:\/\/www.galerie87.com\/wp-content\/uploads\/2024\/10\/Suite-de-2-fauteuils-repos-vintage-Guillerme-et-Chambron.png","type":"image\/png"}],"twitter_card":"summary_large_image","twitter_misc":{"Est. reading time":"1 minute"},"schema":{"@context":"https:\/\/schema.org","@graph":[{"@type":"WebPage","@id":"https:\/\/www.galerie87.com\/produit\/suite-de-2-fauteuils-repos-vintage-en-chene-guillerme-et-chambron\/","url":"https:\/\/www.galerie87.com\/produit\/suite-de-2-fauteuils-repos-vintage-en-chene-guillerme-et-chambron\/","name":"Suite De 2 Fauteuils Repos Vintage En Ch\u00eane Guillerme Et Chambron | Galerie87","isPartOf":{"@id":"https:\/\/www.galerie87.com\/#website"},"primaryImageOfPage":{"@id":"https:\/\/www.galerie87.com\/produit\/suite-de-2-fauteuils-repos-vintage-en-chene-guillerme-et-chambron\/#primaryimage"},"image":{"@id":"https:\/\/www.galerie87.com\/produit\/suite-de-2-fauteuils-repos-vintage-en-chene-guillerme-et-chambron\/#primaryimage"},"thumbnailUrl":"https:\/\/www.galerie87.com\/wp-content\/uploads\/2024\/10\/Suite-de-2-fauteuils-repos-vintage-Guillerme-et-Chambron.png","datePublished":"2024-10-25T10:04:15+00:00","dateModified":"2026-03-26T06:48:25+00:00","description":"Suite de 2 fauteuils repos vintage Guillerme et Chambron. Le grand mod\u00e8le appel\u00e9 \"grand repos\" est reouvert d'un tissu de couleur fraise en parfait \u00e9tat tandis que le petit mod\u00e8le appel\u00e9 \"caqueteuse\" est recouvert d'un tissu jaune \u00e9clatant. Ces si\u00e8ges sont dans un \u00e9tat irr\u00e9prochable.","breadcrumb":{"@id":"https:\/\/www.galerie87.com\/produit\/suite-de-2-fauteuils-repos-vintage-en-chene-guillerme-et-chambron\/#breadcrumb"},"inLanguage":"en-US","potentialAction":[{"@type":"ReadAction","target":["https:\/\/www.galerie87.com\/produit\/suite-de-2-fauteuils-repos-vintage-en-chene-guillerme-et-chambron\/"]}]},{"@type":"ImageObject","inLanguage":"en-US","@id":"https:\/\/www.galerie87.com\/produit\/suite-de-2-fauteuils-repos-vintage-en-chene-guillerme-et-chambron\/#primaryimage","url":"https:\/\/www.galerie87.com\/wp-content\/uploads\/2024\/10\/Suite-de-2-fauteuils-repos-vintage-Guillerme-et-Chambron.png","contentUrl":"https:\/\/www.galerie87.com\/wp-content\/uploads\/2024\/10\/Suite-de-2-fauteuils-repos-vintage-Guillerme-et-Chambron.png","width":847,"height":847,"caption":"Suite De 2 Fauteuils Repos Vintage En Ch\u00eane Guillerme Et Chambron"},{"@type":"BreadcrumbList","@id":"https:\/\/www.galerie87.com\/produit\/suite-de-2-fauteuils-repos-vintage-en-chene-guillerme-et-chambron\/#breadcrumb","itemListElement":[{"@type":"ListItem","position":1,"name":"Accueil","item":"https:\/\/www.galerie87.com\/"},{"@type":"ListItem","position":2,"name":"Boutique","item":"https:\/\/www.galerie87.com\/boutique\/"},{"@type":"ListItem","position":3,"name":"Suite De 2 Fauteuils Repos Vintage En Ch\u00eane Guillerme Et Chambron"}]},{"@type":"WebSite","@id":"https:\/\/www.galerie87.com\/#website","url":"https:\/\/www.galerie87.com\/","name":"Galerie87","description":"Antiquit\u00e9s - Arts d\u00e9coratifs du XX\u00e8me","publisher":{"@id":"https:\/\/www.galerie87.com\/#organization"},"potentialAction":[{"@type":"SearchAction","target":{"@type":"EntryPoint","urlTemplate":"https:\/\/www.galerie87.com\/?s={search_term_string}"},"query-input":{"@type":"PropertyValueSpecification","valueRequired":true,"valueName":"search_term_string"}}],"inLanguage":"en-US"},{"@type":"Organization","@id":"https:\/\/www.galerie87.com\/#organization","name":"Galerie87","url":"https:\/\/www.galerie87.com\/","logo":{"@type":"ImageObject","inLanguage":"en-US","@id":"https:\/\/www.galerie87.com\/#\/schema\/logo\/image\/","url":"https:\/\/galerie.wizengo.com\/wp-content\/uploads\/2022\/03\/logo-galerie87-transparent.png","contentUrl":"https:\/\/galerie.wizengo.com\/wp-content\/uploads\/2022\/03\/logo-galerie87-transparent.png","width":347,"height":72,"caption":"Galerie87"},"image":{"@id":"https:\/\/www.galerie87.com\/#\/schema\/logo\/image\/"}}]}},"_links":{"self":[{"href":"https:\/\/www.galerie87.com\/en\/wp-json\/wp\/v2\/product\/5929","targetHints":{"allow":["GET"]}}],"collection":[{"href":"https:\/\/www.galerie87.com\/en\/wp-json\/wp\/v2\/product"}],"about":[{"href":"https:\/\/www.galerie87.com\/en\/wp-json\/wp\/v2\/types\/product"}],"wp:featuredmedia":[{"embeddable":true,"href":"https:\/\/www.galerie87.com\/en\/wp-json\/wp\/v2\/media\/5933"}],"wp:attachment":[{"href":"https:\/\/www.galerie87.com\/en\/wp-json\/wp\/v2\/media?parent=5929"}],"wp:term":[{"taxonomy":"product_brand","embeddable":true,"href":"https:\/\/www.galerie87.com\/en\/wp-json\/wp\/v2\/product_brand?post=5929"},{"taxonomy":"product_cat","embeddable":true,"href":"https:\/\/www.galerie87.com\/en\/wp-json\/wp\/v2\/product_cat?post=5929"},{"taxonomy":"product_tag","embeddable":true,"href":"https:\/\/www.galerie87.com\/en\/wp-json\/wp\/v2\/product_tag?post=5929"}],"curies":[{"name":"wp","href":"https:\/\/api.w.org\/{rel}","templated":true}]}}