{"id":6131,"date":"2025-01-06T10:16:28","date_gmt":"2025-01-06T09:16:28","guid":{"rendered":"https:\/\/www.galerie87.com\/?post_type=product&#038;p=6131"},"modified":"2025-10-22T17:42:36","modified_gmt":"2025-10-22T15:42:36","slug":"grand-bureau-vintage-scandinave-en-bois-clair-magnus-olesen","status":"publish","type":"product","link":"https:\/\/www.galerie87.com\/en\/product\/grand-bureau-vintage-scandinave-en-bois-clair-magnus-olesen\/","title":{"rendered":"Grand Bureau Vintage Scandinave En Bois Clair, Magnus Olesen"},"content":{"rendered":"<p>Grand bureau scandinave\u00a0 par Rud thygesen et Johnny sorensen,\u00a0 \u00e9diteur Magnus Olesen a\/s durup, made in denmark. Bureau en bois lamin\u00e9 blond, il est compos\u00e9 d\u2019une table \u00e9quip\u00e9e d&rsquo;un tiroir en partie droite et d\u2019un caisson mobile ouvrant \u00e0 3 tiroirs. Le bureau est en bon \u00e9tat avec quelques marques d\u2019usage. Tr\u00e8s original pi\u00e8tement en L, caract\u00e9ristique des designers<\/p>\n<p>L 202 P 90 H 72<\/p>","protected":false},"excerpt":{"rendered":"<p>Grand bureau scandinave\u00a0 par Rud thygesen et Johnny sorensen,\u00a0 \u00e9diteur Magnus Olesen a\/s durup, made in denmark. Bureau en bois lamin\u00e9 blond, il est compos\u00e9 d\u2019une table \u00e9quip\u00e9e d&rsquo;un tiroir en partie droite et d\u2019un caisson mobile ouvrant \u00e0 3 tiroirs. Le bureau est en bon \u00e9tat avec quelques marques d\u2019usage. Tr\u00e8s original pi\u00e8tement en L, caract\u00e9ristique des designers<\/p>\n<p>L 202 P 90 H 72<\/p>","protected":false},"featured_media":6132,"template":"","meta":{"site-sidebar-layout":"default","site-content-layout":"","ast-site-content-layout":"default","site-content-style":"default","site-sidebar-style":"default","ast-global-header-display":"","ast-banner-title-visibility":"","ast-main-header-display":"","ast-hfb-above-header-display":"","ast-hfb-below-header-display":"","ast-hfb-mobile-header-display":"","site-post-title":"","ast-breadcrumbs-content":"","ast-featured-img":"","footer-sml-layout":"","ast-disable-related-posts":"","theme-transparent-header-meta":"default","adv-header-id-meta":"","stick-header-meta":"","header-above-stick-meta":"","header-main-stick-meta":"","header-below-stick-meta":"","astra-migrate-meta-layouts":"set","ast-page-background-enabled":"default","ast-page-background-meta":{"desktop":{"background-color":"","background-image":"","background-repeat":"repeat","background-position":"center center","background-size":"auto","background-attachment":"scroll","background-type":"","background-media":"","overlay-type":"","overlay-color":"","overlay-opacity":"","overlay-gradient":""},"tablet":{"background-color":"","background-image":"","background-repeat":"repeat","background-position":"center center","background-size":"auto","background-attachment":"scroll","background-type":"","background-media":"","overlay-type":"","overlay-color":"","overlay-opacity":"","overlay-gradient":""},"mobile":{"background-color":"","background-image":"","background-repeat":"repeat","background-position":"center center","background-size":"auto","background-attachment":"scroll","background-type":"","background-media":"","overlay-type":"","overlay-color":"","overlay-opacity":"","overlay-gradient":""}},"ast-content-background-meta":{"desktop":{"background-color":"var(--ast-global-color-5)","background-image":"","background-repeat":"repeat","background-position":"center center","background-size":"auto","background-attachment":"scroll","background-type":"","background-media":"","overlay-type":"","overlay-color":"","overlay-opacity":"","overlay-gradient":""},"tablet":{"background-color":"var(--ast-global-color-5)","background-image":"","background-repeat":"repeat","background-position":"center center","background-size":"auto","background-attachment":"scroll","background-type":"","background-media":"","overlay-type":"","overlay-color":"","overlay-opacity":"","overlay-gradient":""},"mobile":{"background-color":"var(--ast-global-color-5)","background-image":"","background-repeat":"repeat","background-position":"center center","background-size":"auto","background-attachment":"scroll","background-type":"","background-media":"","overlay-type":"","overlay-color":"","overlay-opacity":"","overlay-gradient":""}}},"product_brand":[],"product_cat":[21,26],"product_tag":[47,105,38,37,36],"class_list":{"0":"post-6131","1":"product","2":"type-product","3":"status-publish","4":"has-post-thumbnail","6":"product_cat-mobilier-du-xxeme","7":"product_cat-tables-de-salle-a-manger","8":"product_tag-bureau","9":"product_tag-danishdesign","10":"product_tag-galerie87","11":"product_tag-scandinave","12":"product_tag-vintage","13":"desktop-align-left","14":"tablet-align-left","15":"mobile-align-left","17":"first","18":"instock","19":"sale","20":"shipping-taxable","21":"purchasable","22":"product-type-simple"},"yoast_head":"<!-- This site is optimized with the Yoast SEO plugin v27.4 - https:\/\/yoast.com\/product\/yoast-seo-wordpress\/ -->\n<title>Grand Bureau Vintage Scandinave En Bois Clair, Magnus Olesen | Galerie87<\/title>\n<meta name=\"description\" content=\"Grand bureau scandinave\u00a0 par Rud thygesen et Johnny sorensen,\u00a0 \u00e9diteur Magnus Olesen a\/s durup, made in denmark. Bureau en bois lamin\u00e9 blond, il est compos\u00e9 d\u2019une table \u00e9quip\u00e9e d&#039;un tiroir en partie droite et d\u2019un caisson mobile ouvrant \u00e0 3 tiroirs. Le bureau est en bon \u00e9tat avec quelques marques d\u2019usage. Tr\u00e8s original pi\u00e8tement en L, caract\u00e9ristique des designers\" \/>\n<meta name=\"robots\" content=\"index, follow, max-snippet:-1, max-image-preview:large, max-video-preview:-1\" \/>\n<link rel=\"canonical\" href=\"https:\/\/www.galerie87.com\/en\/product\/grand-bureau-vintage-scandinave-en-bois-clair-magnus-olesen\/\" \/>\n<meta property=\"og:locale\" content=\"en_US\" \/>\n<meta property=\"og:type\" content=\"article\" \/>\n<meta property=\"og:title\" content=\"Grand Bureau Vintage Scandinave En Bois Clair, Magnus Olesen | Galerie87\" \/>\n<meta property=\"og:description\" content=\"Grand bureau scandinave\u00a0 par Rud thygesen et Johnny sorensen,\u00a0 \u00e9diteur Magnus Olesen a\/s durup, made in denmark. Bureau en bois lamin\u00e9 blond, il est compos\u00e9 d\u2019une table \u00e9quip\u00e9e d&#039;un tiroir en partie droite et d\u2019un caisson mobile ouvrant \u00e0 3 tiroirs. Le bureau est en bon \u00e9tat avec quelques marques d\u2019usage. Tr\u00e8s original pi\u00e8tement en L, caract\u00e9ristique des designers\" \/>\n<meta property=\"og:url\" content=\"https:\/\/www.galerie87.com\/en\/product\/grand-bureau-vintage-scandinave-en-bois-clair-magnus-olesen\/\" \/>\n<meta property=\"og:site_name\" content=\"Galerie87\" \/>\n<meta property=\"article:modified_time\" content=\"2025-10-22T15:42:36+00:00\" \/>\n<meta property=\"og:image\" content=\"https:\/\/www.galerie87.com\/wp-content\/uploads\/2025\/01\/Grand-Bureau-Vintage-Scandinave-En-Bois-Clair-Magnus-Olesen.jpg\" \/>\n\t<meta property=\"og:image:width\" content=\"1193\" \/>\n\t<meta property=\"og:image:height\" content=\"1193\" \/>\n\t<meta property=\"og:image:type\" content=\"image\/jpeg\" \/>\n<meta name=\"twitter:card\" content=\"summary_large_image\" \/>\n<meta name=\"twitter:label1\" content=\"Est. reading time\" \/>\n\t<meta name=\"twitter:data1\" content=\"1 minute\" \/>\n<script type=\"application\/ld+json\" class=\"yoast-schema-graph\">{\"@context\":\"https:\\\/\\\/schema.org\",\"@graph\":[{\"@type\":\"WebPage\",\"@id\":\"https:\\\/\\\/www.galerie87.com\\\/produit\\\/grand-bureau-vintage-scandinave-en-bois-clair-magnus-olesen\\\/\",\"url\":\"https:\\\/\\\/www.galerie87.com\\\/produit\\\/grand-bureau-vintage-scandinave-en-bois-clair-magnus-olesen\\\/\",\"name\":\"Grand Bureau Vintage Scandinave En Bois Clair, Magnus Olesen | Galerie87\",\"isPartOf\":{\"@id\":\"https:\\\/\\\/www.galerie87.com\\\/#website\"},\"primaryImageOfPage\":{\"@id\":\"https:\\\/\\\/www.galerie87.com\\\/produit\\\/grand-bureau-vintage-scandinave-en-bois-clair-magnus-olesen\\\/#primaryimage\"},\"image\":{\"@id\":\"https:\\\/\\\/www.galerie87.com\\\/produit\\\/grand-bureau-vintage-scandinave-en-bois-clair-magnus-olesen\\\/#primaryimage\"},\"thumbnailUrl\":\"https:\\\/\\\/www.galerie87.com\\\/wp-content\\\/uploads\\\/2025\\\/01\\\/Grand-Bureau-Vintage-Scandinave-En-Bois-Clair-Magnus-Olesen.jpg\",\"datePublished\":\"2025-01-06T09:16:28+00:00\",\"dateModified\":\"2025-10-22T15:42:36+00:00\",\"description\":\"Grand bureau scandinave\u00a0 par Rud thygesen et Johnny sorensen,\u00a0 \u00e9diteur Magnus Olesen a\\\/s durup, made in denmark. Bureau en bois lamin\u00e9 blond, il est compos\u00e9 d\u2019une table \u00e9quip\u00e9e d'un tiroir en partie droite et d\u2019un caisson mobile ouvrant \u00e0 3 tiroirs. Le bureau est en bon \u00e9tat avec quelques marques d\u2019usage. Tr\u00e8s original pi\u00e8tement en L, caract\u00e9ristique des designers\",\"breadcrumb\":{\"@id\":\"https:\\\/\\\/www.galerie87.com\\\/produit\\\/grand-bureau-vintage-scandinave-en-bois-clair-magnus-olesen\\\/#breadcrumb\"},\"inLanguage\":\"en-US\",\"potentialAction\":[{\"@type\":\"ReadAction\",\"target\":[\"https:\\\/\\\/www.galerie87.com\\\/produit\\\/grand-bureau-vintage-scandinave-en-bois-clair-magnus-olesen\\\/\"]}]},{\"@type\":\"ImageObject\",\"inLanguage\":\"en-US\",\"@id\":\"https:\\\/\\\/www.galerie87.com\\\/produit\\\/grand-bureau-vintage-scandinave-en-bois-clair-magnus-olesen\\\/#primaryimage\",\"url\":\"https:\\\/\\\/www.galerie87.com\\\/wp-content\\\/uploads\\\/2025\\\/01\\\/Grand-Bureau-Vintage-Scandinave-En-Bois-Clair-Magnus-Olesen.jpg\",\"contentUrl\":\"https:\\\/\\\/www.galerie87.com\\\/wp-content\\\/uploads\\\/2025\\\/01\\\/Grand-Bureau-Vintage-Scandinave-En-Bois-Clair-Magnus-Olesen.jpg\",\"width\":1193,\"height\":1193,\"caption\":\"Grand Bureau Vintage Scandinave En Bois Clair, Magnus Olesen\"},{\"@type\":\"BreadcrumbList\",\"@id\":\"https:\\\/\\\/www.galerie87.com\\\/produit\\\/grand-bureau-vintage-scandinave-en-bois-clair-magnus-olesen\\\/#breadcrumb\",\"itemListElement\":[{\"@type\":\"ListItem\",\"position\":1,\"name\":\"Accueil\",\"item\":\"https:\\\/\\\/www.galerie87.com\\\/\"},{\"@type\":\"ListItem\",\"position\":2,\"name\":\"Boutique\",\"item\":\"https:\\\/\\\/www.galerie87.com\\\/boutique\\\/\"},{\"@type\":\"ListItem\",\"position\":3,\"name\":\"Grand Bureau Vintage Scandinave En Bois Clair, Magnus Olesen\"}]},{\"@type\":\"WebSite\",\"@id\":\"https:\\\/\\\/www.galerie87.com\\\/#website\",\"url\":\"https:\\\/\\\/www.galerie87.com\\\/\",\"name\":\"Galerie87\",\"description\":\"Antiquit\u00e9s - Arts d\u00e9coratifs du XX\u00e8me\",\"publisher\":{\"@id\":\"https:\\\/\\\/www.galerie87.com\\\/#organization\"},\"potentialAction\":[{\"@type\":\"SearchAction\",\"target\":{\"@type\":\"EntryPoint\",\"urlTemplate\":\"https:\\\/\\\/www.galerie87.com\\\/?s={search_term_string}\"},\"query-input\":{\"@type\":\"PropertyValueSpecification\",\"valueRequired\":true,\"valueName\":\"search_term_string\"}}],\"inLanguage\":\"en-US\"},{\"@type\":\"Organization\",\"@id\":\"https:\\\/\\\/www.galerie87.com\\\/#organization\",\"name\":\"Galerie87\",\"url\":\"https:\\\/\\\/www.galerie87.com\\\/\",\"logo\":{\"@type\":\"ImageObject\",\"inLanguage\":\"en-US\",\"@id\":\"https:\\\/\\\/www.galerie87.com\\\/#\\\/schema\\\/logo\\\/image\\\/\",\"url\":\"https:\\\/\\\/galerie.wizengo.com\\\/wp-content\\\/uploads\\\/2022\\\/03\\\/logo-galerie87-transparent.png\",\"contentUrl\":\"https:\\\/\\\/galerie.wizengo.com\\\/wp-content\\\/uploads\\\/2022\\\/03\\\/logo-galerie87-transparent.png\",\"width\":347,\"height\":72,\"caption\":\"Galerie87\"},\"image\":{\"@id\":\"https:\\\/\\\/www.galerie87.com\\\/#\\\/schema\\\/logo\\\/image\\\/\"}}]}<\/script>\n<!-- \/ Yoast SEO plugin. -->","yoast_head_json":{"title":"Grand Bureau Vintage Scandinave En Bois Clair, Magnus Olesen | Galerie87","description":"Grand bureau scandinave\u00a0 par Rud thygesen et Johnny sorensen,\u00a0 \u00e9diteur Magnus Olesen a\/s durup, made in denmark. Bureau en bois lamin\u00e9 blond, il est compos\u00e9 d\u2019une table \u00e9quip\u00e9e d'un tiroir en partie droite et d\u2019un caisson mobile ouvrant \u00e0 3 tiroirs. Le bureau est en bon \u00e9tat avec quelques marques d\u2019usage. Tr\u00e8s original pi\u00e8tement en L, caract\u00e9ristique des designers","robots":{"index":"index","follow":"follow","max-snippet":"max-snippet:-1","max-image-preview":"max-image-preview:large","max-video-preview":"max-video-preview:-1"},"canonical":"https:\/\/www.galerie87.com\/en\/product\/grand-bureau-vintage-scandinave-en-bois-clair-magnus-olesen\/","og_locale":"en_US","og_type":"article","og_title":"Grand Bureau Vintage Scandinave En Bois Clair, Magnus Olesen | Galerie87","og_description":"Grand bureau scandinave\u00a0 par Rud thygesen et Johnny sorensen,\u00a0 \u00e9diteur Magnus Olesen a\/s durup, made in denmark. Bureau en bois lamin\u00e9 blond, il est compos\u00e9 d\u2019une table \u00e9quip\u00e9e d'un tiroir en partie droite et d\u2019un caisson mobile ouvrant \u00e0 3 tiroirs. Le bureau est en bon \u00e9tat avec quelques marques d\u2019usage. Tr\u00e8s original pi\u00e8tement en L, caract\u00e9ristique des designers","og_url":"https:\/\/www.galerie87.com\/en\/product\/grand-bureau-vintage-scandinave-en-bois-clair-magnus-olesen\/","og_site_name":"Galerie87","article_modified_time":"2025-10-22T15:42:36+00:00","og_image":[{"width":1193,"height":1193,"url":"https:\/\/www.galerie87.com\/wp-content\/uploads\/2025\/01\/Grand-Bureau-Vintage-Scandinave-En-Bois-Clair-Magnus-Olesen.jpg","type":"image\/jpeg"}],"twitter_card":"summary_large_image","twitter_misc":{"Est. reading time":"1 minute"},"schema":{"@context":"https:\/\/schema.org","@graph":[{"@type":"WebPage","@id":"https:\/\/www.galerie87.com\/produit\/grand-bureau-vintage-scandinave-en-bois-clair-magnus-olesen\/","url":"https:\/\/www.galerie87.com\/produit\/grand-bureau-vintage-scandinave-en-bois-clair-magnus-olesen\/","name":"Grand Bureau Vintage Scandinave En Bois Clair, Magnus Olesen | Galerie87","isPartOf":{"@id":"https:\/\/www.galerie87.com\/#website"},"primaryImageOfPage":{"@id":"https:\/\/www.galerie87.com\/produit\/grand-bureau-vintage-scandinave-en-bois-clair-magnus-olesen\/#primaryimage"},"image":{"@id":"https:\/\/www.galerie87.com\/produit\/grand-bureau-vintage-scandinave-en-bois-clair-magnus-olesen\/#primaryimage"},"thumbnailUrl":"https:\/\/www.galerie87.com\/wp-content\/uploads\/2025\/01\/Grand-Bureau-Vintage-Scandinave-En-Bois-Clair-Magnus-Olesen.jpg","datePublished":"2025-01-06T09:16:28+00:00","dateModified":"2025-10-22T15:42:36+00:00","description":"Grand bureau scandinave\u00a0 par Rud thygesen et Johnny sorensen,\u00a0 \u00e9diteur Magnus Olesen a\/s durup, made in denmark. Bureau en bois lamin\u00e9 blond, il est compos\u00e9 d\u2019une table \u00e9quip\u00e9e d'un tiroir en partie droite et d\u2019un caisson mobile ouvrant \u00e0 3 tiroirs. Le bureau est en bon \u00e9tat avec quelques marques d\u2019usage. Tr\u00e8s original pi\u00e8tement en L, caract\u00e9ristique des designers","breadcrumb":{"@id":"https:\/\/www.galerie87.com\/produit\/grand-bureau-vintage-scandinave-en-bois-clair-magnus-olesen\/#breadcrumb"},"inLanguage":"en-US","potentialAction":[{"@type":"ReadAction","target":["https:\/\/www.galerie87.com\/produit\/grand-bureau-vintage-scandinave-en-bois-clair-magnus-olesen\/"]}]},{"@type":"ImageObject","inLanguage":"en-US","@id":"https:\/\/www.galerie87.com\/produit\/grand-bureau-vintage-scandinave-en-bois-clair-magnus-olesen\/#primaryimage","url":"https:\/\/www.galerie87.com\/wp-content\/uploads\/2025\/01\/Grand-Bureau-Vintage-Scandinave-En-Bois-Clair-Magnus-Olesen.jpg","contentUrl":"https:\/\/www.galerie87.com\/wp-content\/uploads\/2025\/01\/Grand-Bureau-Vintage-Scandinave-En-Bois-Clair-Magnus-Olesen.jpg","width":1193,"height":1193,"caption":"Grand Bureau Vintage Scandinave En Bois Clair, Magnus Olesen"},{"@type":"BreadcrumbList","@id":"https:\/\/www.galerie87.com\/produit\/grand-bureau-vintage-scandinave-en-bois-clair-magnus-olesen\/#breadcrumb","itemListElement":[{"@type":"ListItem","position":1,"name":"Accueil","item":"https:\/\/www.galerie87.com\/"},{"@type":"ListItem","position":2,"name":"Boutique","item":"https:\/\/www.galerie87.com\/boutique\/"},{"@type":"ListItem","position":3,"name":"Grand Bureau Vintage Scandinave En Bois Clair, Magnus Olesen"}]},{"@type":"WebSite","@id":"https:\/\/www.galerie87.com\/#website","url":"https:\/\/www.galerie87.com\/","name":"Galerie87","description":"Antiquit\u00e9s - Arts d\u00e9coratifs du XX\u00e8me","publisher":{"@id":"https:\/\/www.galerie87.com\/#organization"},"potentialAction":[{"@type":"SearchAction","target":{"@type":"EntryPoint","urlTemplate":"https:\/\/www.galerie87.com\/?s={search_term_string}"},"query-input":{"@type":"PropertyValueSpecification","valueRequired":true,"valueName":"search_term_string"}}],"inLanguage":"en-US"},{"@type":"Organization","@id":"https:\/\/www.galerie87.com\/#organization","name":"Galerie87","url":"https:\/\/www.galerie87.com\/","logo":{"@type":"ImageObject","inLanguage":"en-US","@id":"https:\/\/www.galerie87.com\/#\/schema\/logo\/image\/","url":"https:\/\/galerie.wizengo.com\/wp-content\/uploads\/2022\/03\/logo-galerie87-transparent.png","contentUrl":"https:\/\/galerie.wizengo.com\/wp-content\/uploads\/2022\/03\/logo-galerie87-transparent.png","width":347,"height":72,"caption":"Galerie87"},"image":{"@id":"https:\/\/www.galerie87.com\/#\/schema\/logo\/image\/"}}]}},"_links":{"self":[{"href":"https:\/\/www.galerie87.com\/en\/wp-json\/wp\/v2\/product\/6131","targetHints":{"allow":["GET"]}}],"collection":[{"href":"https:\/\/www.galerie87.com\/en\/wp-json\/wp\/v2\/product"}],"about":[{"href":"https:\/\/www.galerie87.com\/en\/wp-json\/wp\/v2\/types\/product"}],"wp:featuredmedia":[{"embeddable":true,"href":"https:\/\/www.galerie87.com\/en\/wp-json\/wp\/v2\/media\/6132"}],"wp:attachment":[{"href":"https:\/\/www.galerie87.com\/en\/wp-json\/wp\/v2\/media?parent=6131"}],"wp:term":[{"taxonomy":"product_brand","embeddable":true,"href":"https:\/\/www.galerie87.com\/en\/wp-json\/wp\/v2\/product_brand?post=6131"},{"taxonomy":"product_cat","embeddable":true,"href":"https:\/\/www.galerie87.com\/en\/wp-json\/wp\/v2\/product_cat?post=6131"},{"taxonomy":"product_tag","embeddable":true,"href":"https:\/\/www.galerie87.com\/en\/wp-json\/wp\/v2\/product_tag?post=6131"}],"curies":[{"name":"wp","href":"https:\/\/api.w.org\/{rel}","templated":true}]}}