{"id":6224,"date":"2025-01-20T09:35:19","date_gmt":"2025-01-20T08:35:19","guid":{"rendered":"https:\/\/www.galerie87.com\/?post_type=product&#038;p=6224"},"modified":"2025-10-22T17:42:17","modified_gmt":"2025-10-22T15:42:17","slug":"serie-de-4-chaises-scandinaves-knud-friis","status":"publish","type":"product","link":"https:\/\/www.galerie87.com\/en\/product\/serie-de-4-chaises-scandinaves-knud-friis\/","title":{"rendered":"S\u00e9rie de 4 chaises scandinaves Knud Friis"},"content":{"rendered":"<p>Rare s\u00e9rie de 4 chaises vintage scandinaves Knud Friis, Elmar Mollke Nielsen. Ces chaises, dans le go\u00fbt des mod\u00e8les de Charlotte Perriand, sont rn pin avec assises et dossiers inclinables en tissu chocolat. Elles sont en tr\u00e8s bon \u00e9tat.<\/p>\n<p>h 78 l 50 p 50<\/p>","protected":false},"excerpt":{"rendered":"<p>Rare s\u00e9rie de 4 chaises vintage scandinaves Knud Friis, Elmar Mollke Nielsen. Ces chaises, dans le go\u00fbt des mod\u00e8les de Charlotte Perriand, sont rn pin avec assises et dossiers inclinables en tissu chocolat. Elles sont en tr\u00e8s bon \u00e9tat.<\/p>\n<p>h 78 l 50 p 50<\/p>","protected":false},"featured_media":6225,"template":"","meta":{"site-sidebar-layout":"default","site-content-layout":"","ast-site-content-layout":"default","site-content-style":"default","site-sidebar-style":"default","ast-global-header-display":"","ast-banner-title-visibility":"","ast-main-header-display":"","ast-hfb-above-header-display":"","ast-hfb-below-header-display":"","ast-hfb-mobile-header-display":"","site-post-title":"","ast-breadcrumbs-content":"","ast-featured-img":"","footer-sml-layout":"","ast-disable-related-posts":"","theme-transparent-header-meta":"default","adv-header-id-meta":"","stick-header-meta":"","header-above-stick-meta":"","header-main-stick-meta":"","header-below-stick-meta":"","astra-migrate-meta-layouts":"set","ast-page-background-enabled":"default","ast-page-background-meta":{"desktop":{"background-color":"","background-image":"","background-repeat":"repeat","background-position":"center center","background-size":"auto","background-attachment":"scroll","background-type":"","background-media":"","overlay-type":"","overlay-color":"","overlay-opacity":"","overlay-gradient":""},"tablet":{"background-color":"","background-image":"","background-repeat":"repeat","background-position":"center center","background-size":"auto","background-attachment":"scroll","background-type":"","background-media":"","overlay-type":"","overlay-color":"","overlay-opacity":"","overlay-gradient":""},"mobile":{"background-color":"","background-image":"","background-repeat":"repeat","background-position":"center center","background-size":"auto","background-attachment":"scroll","background-type":"","background-media":"","overlay-type":"","overlay-color":"","overlay-opacity":"","overlay-gradient":""}},"ast-content-background-meta":{"desktop":{"background-color":"var(--ast-global-color-5)","background-image":"","background-repeat":"repeat","background-position":"center center","background-size":"auto","background-attachment":"scroll","background-type":"","background-media":"","overlay-type":"","overlay-color":"","overlay-opacity":"","overlay-gradient":""},"tablet":{"background-color":"var(--ast-global-color-5)","background-image":"","background-repeat":"repeat","background-position":"center center","background-size":"auto","background-attachment":"scroll","background-type":"","background-media":"","overlay-type":"","overlay-color":"","overlay-opacity":"","overlay-gradient":""},"mobile":{"background-color":"var(--ast-global-color-5)","background-image":"","background-repeat":"repeat","background-position":"center center","background-size":"auto","background-attachment":"scroll","background-type":"","background-media":"","overlay-type":"","overlay-color":"","overlay-opacity":"","overlay-gradient":""}}},"product_brand":[],"product_cat":[28,21],"product_tag":[35,105,38,129,37,36,39],"class_list":{"0":"post-6224","1":"product","2":"type-product","3":"status-publish","4":"has-post-thumbnail","6":"product_cat-fauteuils-canapes-antiquites-du-xxeme","7":"product_cat-mobilier-du-xxeme","8":"product_tag-chaises","9":"product_tag-danishdesign","10":"product_tag-galerie87","11":"product_tag-knud-friis","12":"product_tag-scandinave","13":"product_tag-vintage","14":"product_tag-xxeme","15":"desktop-align-left","16":"tablet-align-left","17":"mobile-align-left","19":"first","20":"instock","21":"sale","22":"shipping-taxable","23":"purchasable","24":"product-type-simple"},"yoast_head":"<!-- This site is optimized with the Yoast SEO plugin v27.4 - https:\/\/yoast.com\/product\/yoast-seo-wordpress\/ -->\n<title>S\u00e9rie de 4 chaises scandinaves Knud Friis | Galerie87<\/title>\n<meta name=\"description\" content=\"Rare s\u00e9rie de 4 chaises vintage scandinaves Knud Friis, Elmar Mollke Nielsen. Ces chaises, dans le go\u00fbt des mod\u00e8les de Charlotte Perriand, sont en pin avec assises et dossiers inclinables en tissu chocolat.\" \/>\n<meta name=\"robots\" content=\"index, follow, max-snippet:-1, max-image-preview:large, max-video-preview:-1\" \/>\n<link rel=\"canonical\" href=\"https:\/\/www.galerie87.com\/en\/product\/serie-de-4-chaises-scandinaves-knud-friis\/\" \/>\n<meta property=\"og:locale\" content=\"en_US\" \/>\n<meta property=\"og:type\" content=\"article\" \/>\n<meta property=\"og:title\" content=\"S\u00e9rie de 4 chaises scandinaves Knud Friis | Galerie87\" \/>\n<meta property=\"og:description\" content=\"Rare s\u00e9rie de 4 chaises vintage scandinaves Knud Friis, Elmar Mollke Nielsen. Ces chaises, dans le go\u00fbt des mod\u00e8les de Charlotte Perriand, sont en pin avec assises et dossiers inclinables en tissu chocolat.\" \/>\n<meta property=\"og:url\" content=\"https:\/\/www.galerie87.com\/en\/product\/serie-de-4-chaises-scandinaves-knud-friis\/\" \/>\n<meta property=\"og:site_name\" content=\"Galerie87\" \/>\n<meta property=\"article:modified_time\" content=\"2025-10-22T15:42:17+00:00\" \/>\n<meta property=\"og:image\" content=\"https:\/\/www.galerie87.com\/wp-content\/uploads\/2025\/01\/Serie-de-4-chaises-vintage-scandinaves-Knud-Friis-Elmar-Mollke-Nielsen-1.jpg\" \/>\n\t<meta property=\"og:image:width\" content=\"1155\" \/>\n\t<meta property=\"og:image:height\" content=\"1155\" \/>\n\t<meta property=\"og:image:type\" content=\"image\/jpeg\" \/>\n<meta name=\"twitter:card\" content=\"summary_large_image\" \/>\n<meta name=\"twitter:label1\" content=\"Est. reading time\" \/>\n\t<meta name=\"twitter:data1\" content=\"1 minute\" \/>\n<script type=\"application\/ld+json\" class=\"yoast-schema-graph\">{\"@context\":\"https:\\\/\\\/schema.org\",\"@graph\":[{\"@type\":\"WebPage\",\"@id\":\"https:\\\/\\\/www.galerie87.com\\\/produit\\\/serie-de-4-chaises-scandinaves-knud-friis\\\/\",\"url\":\"https:\\\/\\\/www.galerie87.com\\\/produit\\\/serie-de-4-chaises-scandinaves-knud-friis\\\/\",\"name\":\"S\u00e9rie de 4 chaises scandinaves Knud Friis | Galerie87\",\"isPartOf\":{\"@id\":\"https:\\\/\\\/www.galerie87.com\\\/#website\"},\"primaryImageOfPage\":{\"@id\":\"https:\\\/\\\/www.galerie87.com\\\/produit\\\/serie-de-4-chaises-scandinaves-knud-friis\\\/#primaryimage\"},\"image\":{\"@id\":\"https:\\\/\\\/www.galerie87.com\\\/produit\\\/serie-de-4-chaises-scandinaves-knud-friis\\\/#primaryimage\"},\"thumbnailUrl\":\"https:\\\/\\\/www.galerie87.com\\\/wp-content\\\/uploads\\\/2025\\\/01\\\/Serie-de-4-chaises-vintage-scandinaves-Knud-Friis-Elmar-Mollke-Nielsen-1.jpg\",\"datePublished\":\"2025-01-20T08:35:19+00:00\",\"dateModified\":\"2025-10-22T15:42:17+00:00\",\"description\":\"Rare s\u00e9rie de 4 chaises vintage scandinaves Knud Friis, Elmar Mollke Nielsen. Ces chaises, dans le go\u00fbt des mod\u00e8les de Charlotte Perriand, sont en pin avec assises et dossiers inclinables en tissu chocolat.\",\"breadcrumb\":{\"@id\":\"https:\\\/\\\/www.galerie87.com\\\/produit\\\/serie-de-4-chaises-scandinaves-knud-friis\\\/#breadcrumb\"},\"inLanguage\":\"en-US\",\"potentialAction\":[{\"@type\":\"ReadAction\",\"target\":[\"https:\\\/\\\/www.galerie87.com\\\/produit\\\/serie-de-4-chaises-scandinaves-knud-friis\\\/\"]}]},{\"@type\":\"ImageObject\",\"inLanguage\":\"en-US\",\"@id\":\"https:\\\/\\\/www.galerie87.com\\\/produit\\\/serie-de-4-chaises-scandinaves-knud-friis\\\/#primaryimage\",\"url\":\"https:\\\/\\\/www.galerie87.com\\\/wp-content\\\/uploads\\\/2025\\\/01\\\/Serie-de-4-chaises-vintage-scandinaves-Knud-Friis-Elmar-Mollke-Nielsen-1.jpg\",\"contentUrl\":\"https:\\\/\\\/www.galerie87.com\\\/wp-content\\\/uploads\\\/2025\\\/01\\\/Serie-de-4-chaises-vintage-scandinaves-Knud-Friis-Elmar-Mollke-Nielsen-1.jpg\",\"width\":1155,\"height\":1155,\"caption\":\"S\u00e9rie de 4 chaises vintage scandinaves Knud Friis, Elmar Mollke Nielsen\"},{\"@type\":\"BreadcrumbList\",\"@id\":\"https:\\\/\\\/www.galerie87.com\\\/produit\\\/serie-de-4-chaises-scandinaves-knud-friis\\\/#breadcrumb\",\"itemListElement\":[{\"@type\":\"ListItem\",\"position\":1,\"name\":\"Accueil\",\"item\":\"https:\\\/\\\/www.galerie87.com\\\/\"},{\"@type\":\"ListItem\",\"position\":2,\"name\":\"Boutique\",\"item\":\"https:\\\/\\\/www.galerie87.com\\\/boutique\\\/\"},{\"@type\":\"ListItem\",\"position\":3,\"name\":\"S\u00e9rie de 4 chaises scandinaves Knud Friis\"}]},{\"@type\":\"WebSite\",\"@id\":\"https:\\\/\\\/www.galerie87.com\\\/#website\",\"url\":\"https:\\\/\\\/www.galerie87.com\\\/\",\"name\":\"Galerie87\",\"description\":\"Antiquit\u00e9s - Arts d\u00e9coratifs du XX\u00e8me\",\"publisher\":{\"@id\":\"https:\\\/\\\/www.galerie87.com\\\/#organization\"},\"potentialAction\":[{\"@type\":\"SearchAction\",\"target\":{\"@type\":\"EntryPoint\",\"urlTemplate\":\"https:\\\/\\\/www.galerie87.com\\\/?s={search_term_string}\"},\"query-input\":{\"@type\":\"PropertyValueSpecification\",\"valueRequired\":true,\"valueName\":\"search_term_string\"}}],\"inLanguage\":\"en-US\"},{\"@type\":\"Organization\",\"@id\":\"https:\\\/\\\/www.galerie87.com\\\/#organization\",\"name\":\"Galerie87\",\"url\":\"https:\\\/\\\/www.galerie87.com\\\/\",\"logo\":{\"@type\":\"ImageObject\",\"inLanguage\":\"en-US\",\"@id\":\"https:\\\/\\\/www.galerie87.com\\\/#\\\/schema\\\/logo\\\/image\\\/\",\"url\":\"https:\\\/\\\/galerie.wizengo.com\\\/wp-content\\\/uploads\\\/2022\\\/03\\\/logo-galerie87-transparent.png\",\"contentUrl\":\"https:\\\/\\\/galerie.wizengo.com\\\/wp-content\\\/uploads\\\/2022\\\/03\\\/logo-galerie87-transparent.png\",\"width\":347,\"height\":72,\"caption\":\"Galerie87\"},\"image\":{\"@id\":\"https:\\\/\\\/www.galerie87.com\\\/#\\\/schema\\\/logo\\\/image\\\/\"}}]}<\/script>\n<!-- \/ Yoast SEO plugin. -->","yoast_head_json":{"title":"S\u00e9rie de 4 chaises scandinaves Knud Friis | Galerie87","description":"Rare s\u00e9rie de 4 chaises vintage scandinaves Knud Friis, Elmar Mollke Nielsen. Ces chaises, dans le go\u00fbt des mod\u00e8les de Charlotte Perriand, sont en pin avec assises et dossiers inclinables en tissu chocolat.","robots":{"index":"index","follow":"follow","max-snippet":"max-snippet:-1","max-image-preview":"max-image-preview:large","max-video-preview":"max-video-preview:-1"},"canonical":"https:\/\/www.galerie87.com\/en\/product\/serie-de-4-chaises-scandinaves-knud-friis\/","og_locale":"en_US","og_type":"article","og_title":"S\u00e9rie de 4 chaises scandinaves Knud Friis | Galerie87","og_description":"Rare s\u00e9rie de 4 chaises vintage scandinaves Knud Friis, Elmar Mollke Nielsen. Ces chaises, dans le go\u00fbt des mod\u00e8les de Charlotte Perriand, sont en pin avec assises et dossiers inclinables en tissu chocolat.","og_url":"https:\/\/www.galerie87.com\/en\/product\/serie-de-4-chaises-scandinaves-knud-friis\/","og_site_name":"Galerie87","article_modified_time":"2025-10-22T15:42:17+00:00","og_image":[{"width":1155,"height":1155,"url":"https:\/\/www.galerie87.com\/wp-content\/uploads\/2025\/01\/Serie-de-4-chaises-vintage-scandinaves-Knud-Friis-Elmar-Mollke-Nielsen-1.jpg","type":"image\/jpeg"}],"twitter_card":"summary_large_image","twitter_misc":{"Est. reading time":"1 minute"},"schema":{"@context":"https:\/\/schema.org","@graph":[{"@type":"WebPage","@id":"https:\/\/www.galerie87.com\/produit\/serie-de-4-chaises-scandinaves-knud-friis\/","url":"https:\/\/www.galerie87.com\/produit\/serie-de-4-chaises-scandinaves-knud-friis\/","name":"S\u00e9rie de 4 chaises scandinaves Knud Friis | Galerie87","isPartOf":{"@id":"https:\/\/www.galerie87.com\/#website"},"primaryImageOfPage":{"@id":"https:\/\/www.galerie87.com\/produit\/serie-de-4-chaises-scandinaves-knud-friis\/#primaryimage"},"image":{"@id":"https:\/\/www.galerie87.com\/produit\/serie-de-4-chaises-scandinaves-knud-friis\/#primaryimage"},"thumbnailUrl":"https:\/\/www.galerie87.com\/wp-content\/uploads\/2025\/01\/Serie-de-4-chaises-vintage-scandinaves-Knud-Friis-Elmar-Mollke-Nielsen-1.jpg","datePublished":"2025-01-20T08:35:19+00:00","dateModified":"2025-10-22T15:42:17+00:00","description":"Rare s\u00e9rie de 4 chaises vintage scandinaves Knud Friis, Elmar Mollke Nielsen. Ces chaises, dans le go\u00fbt des mod\u00e8les de Charlotte Perriand, sont en pin avec assises et dossiers inclinables en tissu chocolat.","breadcrumb":{"@id":"https:\/\/www.galerie87.com\/produit\/serie-de-4-chaises-scandinaves-knud-friis\/#breadcrumb"},"inLanguage":"en-US","potentialAction":[{"@type":"ReadAction","target":["https:\/\/www.galerie87.com\/produit\/serie-de-4-chaises-scandinaves-knud-friis\/"]}]},{"@type":"ImageObject","inLanguage":"en-US","@id":"https:\/\/www.galerie87.com\/produit\/serie-de-4-chaises-scandinaves-knud-friis\/#primaryimage","url":"https:\/\/www.galerie87.com\/wp-content\/uploads\/2025\/01\/Serie-de-4-chaises-vintage-scandinaves-Knud-Friis-Elmar-Mollke-Nielsen-1.jpg","contentUrl":"https:\/\/www.galerie87.com\/wp-content\/uploads\/2025\/01\/Serie-de-4-chaises-vintage-scandinaves-Knud-Friis-Elmar-Mollke-Nielsen-1.jpg","width":1155,"height":1155,"caption":"S\u00e9rie de 4 chaises vintage scandinaves Knud Friis, Elmar Mollke Nielsen"},{"@type":"BreadcrumbList","@id":"https:\/\/www.galerie87.com\/produit\/serie-de-4-chaises-scandinaves-knud-friis\/#breadcrumb","itemListElement":[{"@type":"ListItem","position":1,"name":"Accueil","item":"https:\/\/www.galerie87.com\/"},{"@type":"ListItem","position":2,"name":"Boutique","item":"https:\/\/www.galerie87.com\/boutique\/"},{"@type":"ListItem","position":3,"name":"S\u00e9rie de 4 chaises scandinaves Knud Friis"}]},{"@type":"WebSite","@id":"https:\/\/www.galerie87.com\/#website","url":"https:\/\/www.galerie87.com\/","name":"Galerie87","description":"Antiquit\u00e9s - Arts d\u00e9coratifs du XX\u00e8me","publisher":{"@id":"https:\/\/www.galerie87.com\/#organization"},"potentialAction":[{"@type":"SearchAction","target":{"@type":"EntryPoint","urlTemplate":"https:\/\/www.galerie87.com\/?s={search_term_string}"},"query-input":{"@type":"PropertyValueSpecification","valueRequired":true,"valueName":"search_term_string"}}],"inLanguage":"en-US"},{"@type":"Organization","@id":"https:\/\/www.galerie87.com\/#organization","name":"Galerie87","url":"https:\/\/www.galerie87.com\/","logo":{"@type":"ImageObject","inLanguage":"en-US","@id":"https:\/\/www.galerie87.com\/#\/schema\/logo\/image\/","url":"https:\/\/galerie.wizengo.com\/wp-content\/uploads\/2022\/03\/logo-galerie87-transparent.png","contentUrl":"https:\/\/galerie.wizengo.com\/wp-content\/uploads\/2022\/03\/logo-galerie87-transparent.png","width":347,"height":72,"caption":"Galerie87"},"image":{"@id":"https:\/\/www.galerie87.com\/#\/schema\/logo\/image\/"}}]}},"_links":{"self":[{"href":"https:\/\/www.galerie87.com\/en\/wp-json\/wp\/v2\/product\/6224","targetHints":{"allow":["GET"]}}],"collection":[{"href":"https:\/\/www.galerie87.com\/en\/wp-json\/wp\/v2\/product"}],"about":[{"href":"https:\/\/www.galerie87.com\/en\/wp-json\/wp\/v2\/types\/product"}],"wp:featuredmedia":[{"embeddable":true,"href":"https:\/\/www.galerie87.com\/en\/wp-json\/wp\/v2\/media\/6225"}],"wp:attachment":[{"href":"https:\/\/www.galerie87.com\/en\/wp-json\/wp\/v2\/media?parent=6224"}],"wp:term":[{"taxonomy":"product_brand","embeddable":true,"href":"https:\/\/www.galerie87.com\/en\/wp-json\/wp\/v2\/product_brand?post=6224"},{"taxonomy":"product_cat","embeddable":true,"href":"https:\/\/www.galerie87.com\/en\/wp-json\/wp\/v2\/product_cat?post=6224"},{"taxonomy":"product_tag","embeddable":true,"href":"https:\/\/www.galerie87.com\/en\/wp-json\/wp\/v2\/product_tag?post=6224"}],"curies":[{"name":"wp","href":"https:\/\/api.w.org\/{rel}","templated":true}]}}