{"id":6840,"date":"2026-04-03T11:59:38","date_gmt":"2026-04-03T09:59:38","guid":{"rendered":"https:\/\/www.galerie87.com\/?post_type=product&#038;p=6840"},"modified":"2026-04-03T11:59:39","modified_gmt":"2026-04-03T09:59:39","slug":"grande-table-basse-en-chene-clair-guillerme-et-chambron-danikowski","status":"publish","type":"product","link":"https:\/\/www.galerie87.com\/en\/product\/grande-table-basse-en-chene-clair-guillerme-et-chambron-danikowski\/","title":{"rendered":"Grande table basse en ch\u00eane clair, Guillerme et Chambron, Danikowski"},"content":{"rendered":"<p>Importante table basse en ch\u00eane clair, de forme ronde son plateau est orn\u00e9 de rares c\u00e9ramiques de Danikowski en tr\u00e8s bon \u00e9tat.<\/p>\n<p>Diam. 93 cms H 41 cms<\/p>","protected":false},"excerpt":{"rendered":"<p>Importante table basse en ch\u00eane clair, de forme ronde son plateau est orn\u00e9 de rares c\u00e9ramiques de Danikowski en tr\u00e8s bon \u00e9tat.<\/p>\n<p>Diam. 93 cms H 41 cms<\/p>","protected":false},"featured_media":6843,"template":"","meta":{"site-sidebar-layout":"default","site-content-layout":"","ast-site-content-layout":"default","site-content-style":"default","site-sidebar-style":"default","ast-global-header-display":"","ast-banner-title-visibility":"","ast-main-header-display":"","ast-hfb-above-header-display":"","ast-hfb-below-header-display":"","ast-hfb-mobile-header-display":"","site-post-title":"","ast-breadcrumbs-content":"","ast-featured-img":"","footer-sml-layout":"","ast-disable-related-posts":"","theme-transparent-header-meta":"default","adv-header-id-meta":"","stick-header-meta":"","header-above-stick-meta":"","header-main-stick-meta":"","header-below-stick-meta":"","astra-migrate-meta-layouts":"set","ast-page-background-enabled":"default","ast-page-background-meta":{"desktop":{"background-color":"","background-image":"","background-repeat":"repeat","background-position":"center center","background-size":"auto","background-attachment":"scroll","background-type":"","background-media":"","overlay-type":"","overlay-color":"","overlay-opacity":"","overlay-gradient":""},"tablet":{"background-color":"","background-image":"","background-repeat":"repeat","background-position":"center center","background-size":"auto","background-attachment":"scroll","background-type":"","background-media":"","overlay-type":"","overlay-color":"","overlay-opacity":"","overlay-gradient":""},"mobile":{"background-color":"","background-image":"","background-repeat":"repeat","background-position":"center center","background-size":"auto","background-attachment":"scroll","background-type":"","background-media":"","overlay-type":"","overlay-color":"","overlay-opacity":"","overlay-gradient":""}},"ast-content-background-meta":{"desktop":{"background-color":"var(--ast-global-color-5)","background-image":"","background-repeat":"repeat","background-position":"center center","background-size":"auto","background-attachment":"scroll","background-type":"","background-media":"","overlay-type":"","overlay-color":"","overlay-opacity":"","overlay-gradient":""},"tablet":{"background-color":"var(--ast-global-color-5)","background-image":"","background-repeat":"repeat","background-position":"center center","background-size":"auto","background-attachment":"scroll","background-type":"","background-media":"","overlay-type":"","overlay-color":"","overlay-opacity":"","overlay-gradient":""},"mobile":{"background-color":"var(--ast-global-color-5)","background-image":"","background-repeat":"repeat","background-position":"center center","background-size":"auto","background-attachment":"scroll","background-type":"","background-media":"","overlay-type":"","overlay-color":"","overlay-opacity":"","overlay-gradient":""}}},"product_brand":[],"product_cat":[22,21,34,26],"product_tag":[131,148,55,38,42,59,67,36,43,39],"class_list":{"0":"post-6840","1":"product","2":"type-product","3":"status-publish","4":"has-post-thumbnail","6":"product_cat-guillerme-et-chambron","7":"product_cat-mobilier-du-xxeme","8":"product_cat-nouveautes","9":"product_cat-tables-de-salle-a-manger","10":"product_tag-coffee-table","11":"product_tag-danikowski","12":"product_tag-french-furniture","13":"product_tag-galerie87","14":"product_tag-guillerme-et-chambron","15":"product_tag-oakfurniture","16":"product_tag-table","17":"product_tag-vintage","18":"product_tag-votre-maison","19":"product_tag-xxeme","20":"desktop-align-left","21":"tablet-align-left","22":"mobile-align-left","24":"first","25":"instock","26":"shipping-taxable","27":"purchasable","28":"product-type-simple"},"yoast_head":"<!-- This site is optimized with the Yoast SEO plugin v27.4 - https:\/\/yoast.com\/product\/yoast-seo-wordpress\/ -->\n<title>Grande table basse en ch\u00eane clair, Guillerme et Chambron, Danikowski | Galerie87<\/title>\n<meta name=\"description\" content=\"Importante table basse en ch\u00eane clair, de forme ronde son plateau est orn\u00e9 de rares c\u00e9ramiques de Danikowski en tr\u00e8s bon \u00e9tat. Diam. 93 cms H 41 cms\" \/>\n<meta name=\"robots\" content=\"index, follow, max-snippet:-1, max-image-preview:large, max-video-preview:-1\" \/>\n<link rel=\"canonical\" href=\"https:\/\/www.galerie87.com\/en\/product\/grande-table-basse-en-chene-clair-guillerme-et-chambron-danikowski\/\" \/>\n<meta property=\"og:locale\" content=\"en_US\" \/>\n<meta property=\"og:type\" content=\"article\" \/>\n<meta property=\"og:title\" content=\"Grande table basse en ch\u00eane clair, Guillerme et Chambron, Danikowski | Galerie87\" \/>\n<meta property=\"og:description\" content=\"Importante table basse en ch\u00eane clair, de forme ronde son plateau est orn\u00e9 de rares c\u00e9ramiques de Danikowski en tr\u00e8s bon \u00e9tat. Diam. 93 cms H 41 cms\" \/>\n<meta property=\"og:url\" content=\"https:\/\/www.galerie87.com\/en\/product\/grande-table-basse-en-chene-clair-guillerme-et-chambron-danikowski\/\" \/>\n<meta property=\"og:site_name\" content=\"Galerie87\" \/>\n<meta property=\"article:modified_time\" content=\"2026-04-03T09:59:39+00:00\" \/>\n<meta property=\"og:image\" content=\"https:\/\/www.galerie87.com\/wp-content\/uploads\/2026\/04\/table-basse-en-chene-clair-Guillerme-et-Chambron-Danikowski-3.jpg\" \/>\n\t<meta property=\"og:image:width\" content=\"1800\" \/>\n\t<meta property=\"og:image:height\" content=\"1800\" \/>\n\t<meta property=\"og:image:type\" content=\"image\/jpeg\" \/>\n<meta name=\"twitter:card\" content=\"summary_large_image\" \/>\n<meta name=\"twitter:label1\" content=\"Est. reading time\" \/>\n\t<meta name=\"twitter:data1\" content=\"1 minute\" \/>\n<script type=\"application\/ld+json\" class=\"yoast-schema-graph\">{\"@context\":\"https:\\\/\\\/schema.org\",\"@graph\":[{\"@type\":\"WebPage\",\"@id\":\"https:\\\/\\\/www.galerie87.com\\\/produit\\\/grande-table-basse-en-chene-clair-guillerme-et-chambron-danikowski\\\/\",\"url\":\"https:\\\/\\\/www.galerie87.com\\\/produit\\\/grande-table-basse-en-chene-clair-guillerme-et-chambron-danikowski\\\/\",\"name\":\"Grande table basse en ch\u00eane clair, Guillerme et Chambron, Danikowski | Galerie87\",\"isPartOf\":{\"@id\":\"https:\\\/\\\/www.galerie87.com\\\/#website\"},\"primaryImageOfPage\":{\"@id\":\"https:\\\/\\\/www.galerie87.com\\\/produit\\\/grande-table-basse-en-chene-clair-guillerme-et-chambron-danikowski\\\/#primaryimage\"},\"image\":{\"@id\":\"https:\\\/\\\/www.galerie87.com\\\/produit\\\/grande-table-basse-en-chene-clair-guillerme-et-chambron-danikowski\\\/#primaryimage\"},\"thumbnailUrl\":\"https:\\\/\\\/www.galerie87.com\\\/wp-content\\\/uploads\\\/2026\\\/04\\\/table-basse-en-chene-clair-Guillerme-et-Chambron-Danikowski-3.jpg\",\"datePublished\":\"2026-04-03T09:59:38+00:00\",\"dateModified\":\"2026-04-03T09:59:39+00:00\",\"description\":\"Importante table basse en ch\u00eane clair, de forme ronde son plateau est orn\u00e9 de rares c\u00e9ramiques de Danikowski en tr\u00e8s bon \u00e9tat. Diam. 93 cms H 41 cms\",\"breadcrumb\":{\"@id\":\"https:\\\/\\\/www.galerie87.com\\\/produit\\\/grande-table-basse-en-chene-clair-guillerme-et-chambron-danikowski\\\/#breadcrumb\"},\"inLanguage\":\"en-US\",\"potentialAction\":[{\"@type\":\"ReadAction\",\"target\":[\"https:\\\/\\\/www.galerie87.com\\\/produit\\\/grande-table-basse-en-chene-clair-guillerme-et-chambron-danikowski\\\/\"]}]},{\"@type\":\"ImageObject\",\"inLanguage\":\"en-US\",\"@id\":\"https:\\\/\\\/www.galerie87.com\\\/produit\\\/grande-table-basse-en-chene-clair-guillerme-et-chambron-danikowski\\\/#primaryimage\",\"url\":\"https:\\\/\\\/www.galerie87.com\\\/wp-content\\\/uploads\\\/2026\\\/04\\\/table-basse-en-chene-clair-Guillerme-et-Chambron-Danikowski-3.jpg\",\"contentUrl\":\"https:\\\/\\\/www.galerie87.com\\\/wp-content\\\/uploads\\\/2026\\\/04\\\/table-basse-en-chene-clair-Guillerme-et-Chambron-Danikowski-3.jpg\",\"width\":1800,\"height\":1800,\"caption\":\"table basse en ch\u00eane clair Guillerme et Chambron , Danikowski\"},{\"@type\":\"BreadcrumbList\",\"@id\":\"https:\\\/\\\/www.galerie87.com\\\/produit\\\/grande-table-basse-en-chene-clair-guillerme-et-chambron-danikowski\\\/#breadcrumb\",\"itemListElement\":[{\"@type\":\"ListItem\",\"position\":1,\"name\":\"Accueil\",\"item\":\"https:\\\/\\\/www.galerie87.com\\\/\"},{\"@type\":\"ListItem\",\"position\":2,\"name\":\"Boutique\",\"item\":\"https:\\\/\\\/www.galerie87.com\\\/boutique\\\/\"},{\"@type\":\"ListItem\",\"position\":3,\"name\":\"Grande table basse en ch\u00eane clair, Guillerme et Chambron, Danikowski\"}]},{\"@type\":\"WebSite\",\"@id\":\"https:\\\/\\\/www.galerie87.com\\\/#website\",\"url\":\"https:\\\/\\\/www.galerie87.com\\\/\",\"name\":\"Galerie87\",\"description\":\"Antiquit\u00e9s - Arts d\u00e9coratifs du XX\u00e8me\",\"publisher\":{\"@id\":\"https:\\\/\\\/www.galerie87.com\\\/#organization\"},\"potentialAction\":[{\"@type\":\"SearchAction\",\"target\":{\"@type\":\"EntryPoint\",\"urlTemplate\":\"https:\\\/\\\/www.galerie87.com\\\/?s={search_term_string}\"},\"query-input\":{\"@type\":\"PropertyValueSpecification\",\"valueRequired\":true,\"valueName\":\"search_term_string\"}}],\"inLanguage\":\"en-US\"},{\"@type\":\"Organization\",\"@id\":\"https:\\\/\\\/www.galerie87.com\\\/#organization\",\"name\":\"Galerie87\",\"url\":\"https:\\\/\\\/www.galerie87.com\\\/\",\"logo\":{\"@type\":\"ImageObject\",\"inLanguage\":\"en-US\",\"@id\":\"https:\\\/\\\/www.galerie87.com\\\/#\\\/schema\\\/logo\\\/image\\\/\",\"url\":\"https:\\\/\\\/galerie.wizengo.com\\\/wp-content\\\/uploads\\\/2022\\\/03\\\/logo-galerie87-transparent.png\",\"contentUrl\":\"https:\\\/\\\/galerie.wizengo.com\\\/wp-content\\\/uploads\\\/2022\\\/03\\\/logo-galerie87-transparent.png\",\"width\":347,\"height\":72,\"caption\":\"Galerie87\"},\"image\":{\"@id\":\"https:\\\/\\\/www.galerie87.com\\\/#\\\/schema\\\/logo\\\/image\\\/\"}}]}<\/script>\n<!-- \/ Yoast SEO plugin. -->","yoast_head_json":{"title":"Grande table basse en ch\u00eane clair, Guillerme et Chambron, Danikowski | Galerie87","description":"Importante table basse en ch\u00eane clair, de forme ronde son plateau est orn\u00e9 de rares c\u00e9ramiques de Danikowski en tr\u00e8s bon \u00e9tat. Diam. 93 cms H 41 cms","robots":{"index":"index","follow":"follow","max-snippet":"max-snippet:-1","max-image-preview":"max-image-preview:large","max-video-preview":"max-video-preview:-1"},"canonical":"https:\/\/www.galerie87.com\/en\/product\/grande-table-basse-en-chene-clair-guillerme-et-chambron-danikowski\/","og_locale":"en_US","og_type":"article","og_title":"Grande table basse en ch\u00eane clair, Guillerme et Chambron, Danikowski | Galerie87","og_description":"Importante table basse en ch\u00eane clair, de forme ronde son plateau est orn\u00e9 de rares c\u00e9ramiques de Danikowski en tr\u00e8s bon \u00e9tat. Diam. 93 cms H 41 cms","og_url":"https:\/\/www.galerie87.com\/en\/product\/grande-table-basse-en-chene-clair-guillerme-et-chambron-danikowski\/","og_site_name":"Galerie87","article_modified_time":"2026-04-03T09:59:39+00:00","og_image":[{"width":1800,"height":1800,"url":"https:\/\/www.galerie87.com\/wp-content\/uploads\/2026\/04\/table-basse-en-chene-clair-Guillerme-et-Chambron-Danikowski-3.jpg","type":"image\/jpeg"}],"twitter_card":"summary_large_image","twitter_misc":{"Est. reading time":"1 minute"},"schema":{"@context":"https:\/\/schema.org","@graph":[{"@type":"WebPage","@id":"https:\/\/www.galerie87.com\/produit\/grande-table-basse-en-chene-clair-guillerme-et-chambron-danikowski\/","url":"https:\/\/www.galerie87.com\/produit\/grande-table-basse-en-chene-clair-guillerme-et-chambron-danikowski\/","name":"Grande table basse en ch\u00eane clair, Guillerme et Chambron, Danikowski | Galerie87","isPartOf":{"@id":"https:\/\/www.galerie87.com\/#website"},"primaryImageOfPage":{"@id":"https:\/\/www.galerie87.com\/produit\/grande-table-basse-en-chene-clair-guillerme-et-chambron-danikowski\/#primaryimage"},"image":{"@id":"https:\/\/www.galerie87.com\/produit\/grande-table-basse-en-chene-clair-guillerme-et-chambron-danikowski\/#primaryimage"},"thumbnailUrl":"https:\/\/www.galerie87.com\/wp-content\/uploads\/2026\/04\/table-basse-en-chene-clair-Guillerme-et-Chambron-Danikowski-3.jpg","datePublished":"2026-04-03T09:59:38+00:00","dateModified":"2026-04-03T09:59:39+00:00","description":"Importante table basse en ch\u00eane clair, de forme ronde son plateau est orn\u00e9 de rares c\u00e9ramiques de Danikowski en tr\u00e8s bon \u00e9tat. Diam. 93 cms H 41 cms","breadcrumb":{"@id":"https:\/\/www.galerie87.com\/produit\/grande-table-basse-en-chene-clair-guillerme-et-chambron-danikowski\/#breadcrumb"},"inLanguage":"en-US","potentialAction":[{"@type":"ReadAction","target":["https:\/\/www.galerie87.com\/produit\/grande-table-basse-en-chene-clair-guillerme-et-chambron-danikowski\/"]}]},{"@type":"ImageObject","inLanguage":"en-US","@id":"https:\/\/www.galerie87.com\/produit\/grande-table-basse-en-chene-clair-guillerme-et-chambron-danikowski\/#primaryimage","url":"https:\/\/www.galerie87.com\/wp-content\/uploads\/2026\/04\/table-basse-en-chene-clair-Guillerme-et-Chambron-Danikowski-3.jpg","contentUrl":"https:\/\/www.galerie87.com\/wp-content\/uploads\/2026\/04\/table-basse-en-chene-clair-Guillerme-et-Chambron-Danikowski-3.jpg","width":1800,"height":1800,"caption":"table basse en ch\u00eane clair Guillerme et Chambron , Danikowski"},{"@type":"BreadcrumbList","@id":"https:\/\/www.galerie87.com\/produit\/grande-table-basse-en-chene-clair-guillerme-et-chambron-danikowski\/#breadcrumb","itemListElement":[{"@type":"ListItem","position":1,"name":"Accueil","item":"https:\/\/www.galerie87.com\/"},{"@type":"ListItem","position":2,"name":"Boutique","item":"https:\/\/www.galerie87.com\/boutique\/"},{"@type":"ListItem","position":3,"name":"Grande table basse en ch\u00eane clair, Guillerme et Chambron, Danikowski"}]},{"@type":"WebSite","@id":"https:\/\/www.galerie87.com\/#website","url":"https:\/\/www.galerie87.com\/","name":"Galerie87","description":"Antiquit\u00e9s - Arts d\u00e9coratifs du XX\u00e8me","publisher":{"@id":"https:\/\/www.galerie87.com\/#organization"},"potentialAction":[{"@type":"SearchAction","target":{"@type":"EntryPoint","urlTemplate":"https:\/\/www.galerie87.com\/?s={search_term_string}"},"query-input":{"@type":"PropertyValueSpecification","valueRequired":true,"valueName":"search_term_string"}}],"inLanguage":"en-US"},{"@type":"Organization","@id":"https:\/\/www.galerie87.com\/#organization","name":"Galerie87","url":"https:\/\/www.galerie87.com\/","logo":{"@type":"ImageObject","inLanguage":"en-US","@id":"https:\/\/www.galerie87.com\/#\/schema\/logo\/image\/","url":"https:\/\/galerie.wizengo.com\/wp-content\/uploads\/2022\/03\/logo-galerie87-transparent.png","contentUrl":"https:\/\/galerie.wizengo.com\/wp-content\/uploads\/2022\/03\/logo-galerie87-transparent.png","width":347,"height":72,"caption":"Galerie87"},"image":{"@id":"https:\/\/www.galerie87.com\/#\/schema\/logo\/image\/"}}]}},"_links":{"self":[{"href":"https:\/\/www.galerie87.com\/en\/wp-json\/wp\/v2\/product\/6840","targetHints":{"allow":["GET"]}}],"collection":[{"href":"https:\/\/www.galerie87.com\/en\/wp-json\/wp\/v2\/product"}],"about":[{"href":"https:\/\/www.galerie87.com\/en\/wp-json\/wp\/v2\/types\/product"}],"wp:featuredmedia":[{"embeddable":true,"href":"https:\/\/www.galerie87.com\/en\/wp-json\/wp\/v2\/media\/6843"}],"wp:attachment":[{"href":"https:\/\/www.galerie87.com\/en\/wp-json\/wp\/v2\/media?parent=6840"}],"wp:term":[{"taxonomy":"product_brand","embeddable":true,"href":"https:\/\/www.galerie87.com\/en\/wp-json\/wp\/v2\/product_brand?post=6840"},{"taxonomy":"product_cat","embeddable":true,"href":"https:\/\/www.galerie87.com\/en\/wp-json\/wp\/v2\/product_cat?post=6840"},{"taxonomy":"product_tag","embeddable":true,"href":"https:\/\/www.galerie87.com\/en\/wp-json\/wp\/v2\/product_tag?post=6840"}],"curies":[{"name":"wp","href":"https:\/\/api.w.org\/{rel}","templated":true}]}}